{"id":9,"date":"2022-12-18T13:30:54","date_gmt":"2022-12-18T12:30:54","guid":{"rendered":"http:\/\/maklermaus.de\/?page_id=9"},"modified":"2023-02-17T17:24:51","modified_gmt":"2023-02-17T16:24:51","slug":"impressum","status":"publish","type":"page","link":"https:\/\/maklermaus.de\/?page_id=9","title":{"rendered":"Impressum"},"content":{"rendered":"\n<div class=\"wp-block-cover alignfull is-light\" style=\"min-height:300px;aspect-ratio:unset;\"><span aria-hidden=\"true\" class=\"wp-block-cover__background has-background-dim-0 has-background-dim\"><\/span><img loading=\"lazy\" decoding=\"async\" width=\"2560\" height=\"1902\" class=\"wp-block-cover__image-background wp-image-59\" alt=\"\" src=\"http:\/\/maklermaus.de\/wp-content\/uploads\/2022\/12\/MM_Hintergrund_HG_s-scaled.jpg\" style=\"object-position:46% 77%\" data-object-fit=\"cover\" data-object-position=\"46% 77%\" srcset=\"https:\/\/maklermaus.de\/wp-content\/uploads\/2022\/12\/MM_Hintergrund_HG_s-scaled.jpg 2560w, https:\/\/maklermaus.de\/wp-content\/uploads\/2022\/12\/MM_Hintergrund_HG_s-300x223.jpg 300w, https:\/\/maklermaus.de\/wp-content\/uploads\/2022\/12\/MM_Hintergrund_HG_s-1024x761.jpg 1024w, https:\/\/maklermaus.de\/wp-content\/uploads\/2022\/12\/MM_Hintergrund_HG_s-768x571.jpg 768w, https:\/\/maklermaus.de\/wp-content\/uploads\/2022\/12\/MM_Hintergrund_HG_s-1536x1141.jpg 1536w, https:\/\/maklermaus.de\/wp-content\/uploads\/2022\/12\/MM_Hintergrund_HG_s-2048x1522.jpg 2048w\" sizes=\"auto, (max-width: 2560px) 100vw, 2560px\" \/><div class=\"wp-block-cover__inner-container is-layout-flow wp-block-cover-is-layout-flow\">\n<p class=\"has-text-align-center has-large-font-size\"><\/p>\n<\/div><\/div>\n\n\n\n<h2 class=\"wp-block-heading\">Impressum<\/h2>\n\n\n\n<p>MAKLERMAUS <br>Modus GmbH<br>Gesch\u00e4ftsf\u00fchrerin: Kathrin Poschwatta <br>Heinrich-B\u00fcssing-Ring11<br>38102 Braunschweig<\/p>\n\n\n\n<p>Telefon: +49 176 60 900 179<br>E-Mail: kathrin@poschwatta.eu<\/p>\n\n\n\n<p>Registergericht:<br>Amtsgericht Braunschweig HR B 209464 <br>USt-Ident-Nummer DE 191253565<\/p>\n\n\n\n<p>Erlaubnis nach \u00a7 34 c GewO<\/p>\n\n\n\n<p>erteilt durch die IHK Braunschweig, Brabandtstr. 11, 38100 Braunschweig, Tel. 0531\/47150, www.braunschweig.ihk.de<\/p>\n\n\n\n<p>www.vermittlerregister.info oder bei der Deutscher Industrie- und Handelskammertag e.V. (DIHK) e.V., Breite Str. 29, 10178 Berlin, Tel.: 0180\/6005850 (Festnetzpreis 0,20 \u20ac\/Anruf; Mobilfunkpreise maximal 0,60 \u20ac\/Anruf)<\/p>\n\n\n\n<p>Schlichtungsstellen f\u00fcr au\u00dfergerichtliche Streitbeilegung: Versicherungsombudsmann e.V. Postfach 080632, 10006 Berlin, www.versicherungsombudsmann.de, Tel. 01804\/224414 (20 Cent pro Anruf aus dem dt. Festnetz, Mobil abweichend).<\/p>\n","protected":false},"excerpt":{"rendered":"<p>Impressum MAKLERMAUS Modus GmbHGesch\u00e4ftsf\u00fchrerin: Kathrin Poschwatta Heinrich-B\u00fcssing-Ring1138102 Braunschweig Telefon: +49 176 60 900 179E-Mail: kathrin@poschwatta.eu Registergericht:Amtsgericht Braunschweig HR B 209464 USt-Ident-Nummer DE 191253565 Erlaubnis nach \u00a7 34 c GewO erteilt durch die IHK Braunschweig, Brabandtstr. 11, 38100 Braunschweig, Tel. 0531\/47150, www.braunschweig.ihk.de www.vermittlerregister.info oder bei der Deutscher Industrie- und Handelskammertag e.V. (DIHK) e.V., Breite Str. 29, [&hellip;]<\/p>\n","protected":false},"author":2,"featured_media":0,"parent":0,"menu_order":0,"comment_status":"closed","ping_status":"closed","template":"","meta":{"inline_featured_image":false,"footnotes":""},"class_list":["post-9","page","type-page","status-publish","hentry"],"_links":{"self":[{"href":"https:\/\/maklermaus.de\/index.php?rest_route=\/wp\/v2\/pages\/9","targetHints":{"allow":["GET"]}}],"collection":[{"href":"https:\/\/maklermaus.de\/index.php?rest_route=\/wp\/v2\/pages"}],"about":[{"href":"https:\/\/maklermaus.de\/index.php?rest_route=\/wp\/v2\/types\/page"}],"author":[{"embeddable":true,"href":"https:\/\/maklermaus.de\/index.php?rest_route=\/wp\/v2\/users\/2"}],"replies":[{"embeddable":true,"href":"https:\/\/maklermaus.de\/index.php?rest_route=%2Fwp%2Fv2%2Fcomments&post=9"}],"version-history":[{"count":14,"href":"https:\/\/maklermaus.de\/index.php?rest_route=\/wp\/v2\/pages\/9\/revisions"}],"predecessor-version":[{"id":72,"href":"https:\/\/maklermaus.de\/index.php?rest_route=\/wp\/v2\/pages\/9\/revisions\/72"}],"wp:attachment":[{"href":"https:\/\/maklermaus.de\/index.php?rest_route=%2Fwp%2Fv2%2Fmedia&parent=9"}],"curies":[{"name":"wp","href":"https:\/\/api.w.org\/{rel}","templated":true}]}}